{"id":25035,"date":"2025-08-07T20:43:42","date_gmt":"2025-08-07T18:43:42","guid":{"rendered":"https:\/\/www.marinacano.com\/art-print\/al-borde-de-la-naturaleza-salvaje\/"},"modified":"2025-08-07T20:43:42","modified_gmt":"2025-08-07T18:43:42","slug":"al-borde-de-la-naturaleza-salvaje","status":"publish","type":"product","link":"https:\/\/www.marinacano.com\/es\/art-print\/al-borde-de-la-naturaleza-salvaje\/","title":{"rendered":"AL BORDE DE LA NATURALEZA SALVAJE"},"content":{"rendered":"<p>AL BORDE DE LA NATURALEZA SALVAJE<\/p>\n<p>Este momento me conmovi\u00f3 profundamente. Una cebra solitaria, de pie en silencio sobre una colina rocosa, enmarcada por un cielo cubierto de nubes densas. Lo captur\u00e9 en el coraz\u00f3n del Serengeti, donde a menudo parece que el tiempo se detiene. Hab\u00eda algo poderoso y fr\u00e1gil en su postura, como si la cebra estuviera velando por la tierra o simplemente tom\u00e1ndose un respiro antes de continuar su viaje. Para m\u00ed, no es solo una foto de fauna salvaje; es un recordatorio de la presencia, el silencio y la tranquila dignidad de la naturaleza. Serengeti, Tanzania     <\/p>\n","protected":false},"excerpt":{"rendered":"<p><a href=\"https:\/\/www.theprintspace.co.uk\/professional-photographic-c-type-printing\/\" target=\"_blank\" rel=\"noopener\">printed on Gicl\u00e9e Hahnem\u00fchle Photo Rag<\/a><\/p>\n","protected":false},"featured_media":24774,"template":"","meta":{"_acf_changed":false,"_et_pb_use_builder":"","_et_pb_old_content":"","_et_gb_content_width":""},"product_brand":[],"product_cat":[195,199],"product_tag":[],"class_list":{"0":"post-25035","1":"product","2":"type-product","3":"status-publish","4":"has-post-thumbnail","6":"product_cat-art-es","7":"product_cat-edicion-abierta","9":"first","10":"instock","11":"shipping-taxable","12":"purchasable","13":"product-type-variable"},"acf":[],"_links":{"self":[{"href":"https:\/\/www.marinacano.com\/es\/wp-json\/wp\/v2\/product\/25035","targetHints":{"allow":["GET"]}}],"collection":[{"href":"https:\/\/www.marinacano.com\/es\/wp-json\/wp\/v2\/product"}],"about":[{"href":"https:\/\/www.marinacano.com\/es\/wp-json\/wp\/v2\/types\/product"}],"wp:featuredmedia":[{"embeddable":true,"href":"https:\/\/www.marinacano.com\/es\/wp-json\/wp\/v2\/media\/24774"}],"wp:attachment":[{"href":"https:\/\/www.marinacano.com\/es\/wp-json\/wp\/v2\/media?parent=25035"}],"wp:term":[{"taxonomy":"product_brand","embeddable":true,"href":"https:\/\/www.marinacano.com\/es\/wp-json\/wp\/v2\/product_brand?post=25035"},{"taxonomy":"product_cat","embeddable":true,"href":"https:\/\/www.marinacano.com\/es\/wp-json\/wp\/v2\/product_cat?post=25035"},{"taxonomy":"product_tag","embeddable":true,"href":"https:\/\/www.marinacano.com\/es\/wp-json\/wp\/v2\/product_tag?post=25035"}],"curies":[{"name":"wp","href":"https:\/\/api.w.org\/{rel}","templated":true}]}}