{"id":25029,"date":"2025-08-09T21:17:52","date_gmt":"2025-08-09T19:17:52","guid":{"rendered":"https:\/\/www.marinacano.com\/art-print\/the-extraordinary-huntresses\/"},"modified":"2025-08-09T21:17:52","modified_gmt":"2025-08-09T19:17:52","slug":"the-extraordinary-huntresses","status":"publish","type":"product","link":"https:\/\/www.marinacano.com\/es\/art-print\/the-extraordinary-huntresses\/","title":{"rendered":"THE EXTRAORDINARY HUNTRESSES"},"content":{"rendered":"<p>THE EXTRAORDINARY HUNTRESSES<\/p>\n<p>\u00c9ramos siete corazones ind\u00f3mitos que lat\u00edan al un\u00edsono, con nuestro ritmo resonando en los cielos africanos. En el momento en que tom\u00e9 la foto, sent\u00ed que la tierra respiraba con nosotras. No tengo palabras para expresar mi gratitud por el regalo de haber sido testigo de una belleza tan extraordinaria.<\/p>\n<p>Maasai Mara, Kenia 2025<\/p>\n<p>&nbsp;<\/p>\n","protected":false},"excerpt":{"rendered":"<p>THE EXTRAORDINARY HUNTRESSES \u00c9ramos siete corazones ind\u00f3mitos que lat\u00edan al un\u00edsono, con nuestro ritmo resonando en los cielos africanos. En el momento en que tom\u00e9 la foto, sent\u00ed que la tierra respiraba con nosotras. No tengo palabras para expresar mi gratitud por el regalo de haber sido testigo de una belleza tan extraordinaria. Maasai Mara, [&hellip;]<\/p>\n","protected":false},"featured_media":24791,"template":"","meta":{"_acf_changed":false,"_et_pb_use_builder":"","_et_pb_old_content":"","_et_gb_content_width":""},"product_brand":[],"product_cat":[195,199],"product_tag":[],"class_list":{"0":"post-25029","1":"product","2":"type-product","3":"status-publish","4":"has-post-thumbnail","6":"product_cat-art-es","7":"product_cat-edicion-abierta","9":"first","10":"instock","11":"shipping-taxable","12":"purchasable","13":"product-type-variable"},"acf":[],"_links":{"self":[{"href":"https:\/\/www.marinacano.com\/es\/wp-json\/wp\/v2\/product\/25029","targetHints":{"allow":["GET"]}}],"collection":[{"href":"https:\/\/www.marinacano.com\/es\/wp-json\/wp\/v2\/product"}],"about":[{"href":"https:\/\/www.marinacano.com\/es\/wp-json\/wp\/v2\/types\/product"}],"wp:featuredmedia":[{"embeddable":true,"href":"https:\/\/www.marinacano.com\/es\/wp-json\/wp\/v2\/media\/24791"}],"wp:attachment":[{"href":"https:\/\/www.marinacano.com\/es\/wp-json\/wp\/v2\/media?parent=25029"}],"wp:term":[{"taxonomy":"product_brand","embeddable":true,"href":"https:\/\/www.marinacano.com\/es\/wp-json\/wp\/v2\/product_brand?post=25029"},{"taxonomy":"product_cat","embeddable":true,"href":"https:\/\/www.marinacano.com\/es\/wp-json\/wp\/v2\/product_cat?post=25029"},{"taxonomy":"product_tag","embeddable":true,"href":"https:\/\/www.marinacano.com\/es\/wp-json\/wp\/v2\/product_tag?post=25029"}],"curies":[{"name":"wp","href":"https:\/\/api.w.org\/{rel}","templated":true}]}}