{"id":25027,"date":"2025-10-14T13:20:36","date_gmt":"2025-10-14T11:20:36","guid":{"rendered":"https:\/\/www.marinacano.com\/art-print\/oloshipa-oloimina\/"},"modified":"2025-10-14T13:20:36","modified_gmt":"2025-10-14T11:20:36","slug":"oloshipa-oloimina","status":"publish","type":"product","link":"https:\/\/www.marinacano.com\/es\/art-print\/oloshipa-oloimina\/","title":{"rendered":"Oloshipa &amp; Oloimina"},"content":{"rendered":"<p>Oloshipa y Oloimina, leones del Mara, los Reyes de la Roca Negra. Vuestro v\u00ednculo nunca se desvanecer\u00e1. Te llevaremos siempre en nuestro coraz\u00f3n, Oloshipa, igual que hacemos con Olobor.  <\/p>\n<p>Maasai Mara, Kenia March 2025<\/p>\n","protected":false},"excerpt":{"rendered":"<p>Oloshipa y Oloimina, leones del Mara, los Reyes de la Roca Negra. Vuestro v\u00ednculo nunca se desvanecer\u00e1. Te llevaremos siempre en nuestro coraz\u00f3n, Oloshipa, igual que hacemos con Olobor. Maasai Mara, Kenia March 2025<\/p>\n","protected":false},"featured_media":24809,"template":"","meta":{"_acf_changed":false,"_et_pb_use_builder":"","_et_pb_old_content":"","_et_gb_content_width":""},"product_brand":[],"product_cat":[195,199],"product_tag":[],"class_list":{"0":"post-25027","1":"product","2":"type-product","3":"status-publish","4":"has-post-thumbnail","6":"product_cat-art-es","7":"product_cat-edicion-abierta","9":"first","10":"instock","11":"shipping-taxable","12":"purchasable","13":"product-type-variable"},"acf":[],"_links":{"self":[{"href":"https:\/\/www.marinacano.com\/es\/wp-json\/wp\/v2\/product\/25027","targetHints":{"allow":["GET"]}}],"collection":[{"href":"https:\/\/www.marinacano.com\/es\/wp-json\/wp\/v2\/product"}],"about":[{"href":"https:\/\/www.marinacano.com\/es\/wp-json\/wp\/v2\/types\/product"}],"wp:featuredmedia":[{"embeddable":true,"href":"https:\/\/www.marinacano.com\/es\/wp-json\/wp\/v2\/media\/24809"}],"wp:attachment":[{"href":"https:\/\/www.marinacano.com\/es\/wp-json\/wp\/v2\/media?parent=25027"}],"wp:term":[{"taxonomy":"product_brand","embeddable":true,"href":"https:\/\/www.marinacano.com\/es\/wp-json\/wp\/v2\/product_brand?post=25027"},{"taxonomy":"product_cat","embeddable":true,"href":"https:\/\/www.marinacano.com\/es\/wp-json\/wp\/v2\/product_cat?post=25027"},{"taxonomy":"product_tag","embeddable":true,"href":"https:\/\/www.marinacano.com\/es\/wp-json\/wp\/v2\/product_tag?post=25027"}],"curies":[{"name":"wp","href":"https:\/\/api.w.org\/{rel}","templated":true}]}}