{"id":25024,"date":"2025-12-08T15:23:23","date_gmt":"2025-12-08T13:23:23","guid":{"rendered":"https:\/\/www.marinacano.com\/art-print\/the-wild-shape-of-silence\/"},"modified":"2025-12-08T15:23:23","modified_gmt":"2025-12-08T13:23:23","slug":"the-wild-shape-of-silence","status":"publish","type":"product","link":"https:\/\/www.marinacano.com\/es\/art-print\/the-wild-shape-of-silence\/","title":{"rendered":"THE WILD SHAPE OF SILENCE"},"content":{"rendered":"<p>Por desgracia, los guepardos figuran en la lista de especies vulnerables. Y sin duda lo son. En mis viajes a varios destinos de \u00c1frica, he sido testigo de c\u00f3mo madres entregadas perd\u00edan a sus cr\u00edas una y otra vez. Estos son los hijos de Malaika. Supervivientes en un mundo salvaje.    <\/p>\n<p>Me alegr\u00e9 mucho de encontrarlos despu\u00e9s de varios a\u00f1os sin saber nada de su madre.<\/p>\n<p>Maasai Mara, Kenia 2021<\/p>\n","protected":false},"excerpt":{"rendered":"<p>Por desgracia, los guepardos figuran en la lista de especies vulnerables. Y sin duda lo son. En mis viajes a varios destinos de \u00c1frica, he sido testigo de c\u00f3mo madres entregadas perd\u00edan a sus cr\u00edas una y otra vez. Estos son los hijos de Malaika. Supervivientes en un mundo salvaje. Me alegr\u00e9 mucho de encontrarlos [&hellip;]<\/p>\n","protected":false},"featured_media":24843,"template":"","meta":{"_acf_changed":false,"_et_pb_use_builder":"","_et_pb_old_content":"","_et_gb_content_width":""},"product_brand":[],"product_cat":[195,199],"product_tag":[],"class_list":{"0":"post-25024","1":"product","2":"type-product","3":"status-publish","4":"has-post-thumbnail","6":"product_cat-art-es","7":"product_cat-edicion-abierta","9":"first","10":"instock","11":"shipping-taxable","12":"purchasable","13":"product-type-variable"},"acf":[],"_links":{"self":[{"href":"https:\/\/www.marinacano.com\/es\/wp-json\/wp\/v2\/product\/25024","targetHints":{"allow":["GET"]}}],"collection":[{"href":"https:\/\/www.marinacano.com\/es\/wp-json\/wp\/v2\/product"}],"about":[{"href":"https:\/\/www.marinacano.com\/es\/wp-json\/wp\/v2\/types\/product"}],"wp:featuredmedia":[{"embeddable":true,"href":"https:\/\/www.marinacano.com\/es\/wp-json\/wp\/v2\/media\/24843"}],"wp:attachment":[{"href":"https:\/\/www.marinacano.com\/es\/wp-json\/wp\/v2\/media?parent=25024"}],"wp:term":[{"taxonomy":"product_brand","embeddable":true,"href":"https:\/\/www.marinacano.com\/es\/wp-json\/wp\/v2\/product_brand?post=25024"},{"taxonomy":"product_cat","embeddable":true,"href":"https:\/\/www.marinacano.com\/es\/wp-json\/wp\/v2\/product_cat?post=25024"},{"taxonomy":"product_tag","embeddable":true,"href":"https:\/\/www.marinacano.com\/es\/wp-json\/wp\/v2\/product_tag?post=25024"}],"curies":[{"name":"wp","href":"https:\/\/api.w.org\/{rel}","templated":true}]}}