{"id":25018,"date":"2026-01-02T14:14:42","date_gmt":"2026-01-02T12:14:42","guid":{"rendered":"https:\/\/www.marinacano.com\/art-print\/la-forma-antigua-del-amor\/"},"modified":"2026-01-02T14:14:42","modified_gmt":"2026-01-02T12:14:42","slug":"la-forma-antigua-del-amor","status":"publish","type":"product","link":"https:\/\/www.marinacano.com\/es\/art-print\/la-forma-antigua-del-amor\/","title":{"rendered":"LA FORMA ANTIGUA DEL AMOR"},"content":{"rendered":"<p>Una familia de elefantes de Amboseli, unida por un profundo afecto, entrelaza suavemente sus trompas alrededor del m\u00e1s peque\u00f1o del grupo, como si dibujaran bendiciones en el aire. En este tierno cari\u00f1o, la familia se convierte en un solo latido, una armon\u00eda ancestral donde la forma misma del amor cobra vida a trav\u00e9s del contacto y el asombro silencioso. <\/p>\n<p>Amboseli National Park, Kenia 2025<\/p>\n","protected":false},"excerpt":{"rendered":"<p>Una familia de elefantes de Amboseli, unida por un profundo afecto, entrelaza suavemente sus trompas alrededor del m\u00e1s peque\u00f1o del grupo, como si dibujaran bendiciones en el aire. En este tierno cari\u00f1o, la familia se convierte en un solo latido, una armon\u00eda ancestral donde la forma misma del amor cobra vida a trav\u00e9s del contacto [&hellip;]<\/p>\n","protected":false},"featured_media":24922,"template":"","meta":{"_acf_changed":false,"_et_pb_use_builder":"","_et_pb_old_content":"","_et_gb_content_width":""},"product_brand":[],"product_cat":[195,199,75],"product_tag":[],"class_list":{"0":"post-25018","1":"product","2":"type-product","3":"status-publish","4":"has-post-thumbnail","6":"product_cat-art-es","7":"product_cat-edicion-abierta","8":"product_cat-otros","10":"first","11":"instock","12":"shipping-taxable","13":"purchasable","14":"product-type-variable"},"acf":[],"_links":{"self":[{"href":"https:\/\/www.marinacano.com\/es\/wp-json\/wp\/v2\/product\/25018","targetHints":{"allow":["GET"]}}],"collection":[{"href":"https:\/\/www.marinacano.com\/es\/wp-json\/wp\/v2\/product"}],"about":[{"href":"https:\/\/www.marinacano.com\/es\/wp-json\/wp\/v2\/types\/product"}],"wp:featuredmedia":[{"embeddable":true,"href":"https:\/\/www.marinacano.com\/es\/wp-json\/wp\/v2\/media\/24922"}],"wp:attachment":[{"href":"https:\/\/www.marinacano.com\/es\/wp-json\/wp\/v2\/media?parent=25018"}],"wp:term":[{"taxonomy":"product_brand","embeddable":true,"href":"https:\/\/www.marinacano.com\/es\/wp-json\/wp\/v2\/product_brand?post=25018"},{"taxonomy":"product_cat","embeddable":true,"href":"https:\/\/www.marinacano.com\/es\/wp-json\/wp\/v2\/product_cat?post=25018"},{"taxonomy":"product_tag","embeddable":true,"href":"https:\/\/www.marinacano.com\/es\/wp-json\/wp\/v2\/product_tag?post=25018"}],"curies":[{"name":"wp","href":"https:\/\/api.w.org\/{rel}","templated":true}]}}