{"id":22595,"date":"2023-05-14T13:14:13","date_gmt":"2023-05-14T11:14:13","guid":{"rendered":"https:\/\/www.marinacano.com\/?post_type=product&#038;p=22595"},"modified":"2023-11-04T11:41:29","modified_gmt":"2023-11-04T10:41:29","slug":"leon-de-los-andes","status":"publish","type":"product","link":"https:\/\/www.marinacano.com\/es\/art-print\/leon-de-los-andes\/","title":{"rendered":"LEON DE LOS ANDES"},"content":{"rendered":"<p>El felino m\u00e1s esquivo de Am\u00e9rica, el puma, cuya belleza de elegancia magn\u00e9tica tuve la fortuna de fotografiar bajo las luces m\u00e1gicas del hemisferio austral, en un trabajo con la Fundaci\u00f3n Cerro Guido Conservaci\u00f3n. Rodeado de la vegetaci\u00f3n propia de la estepa patag\u00f3nica y arbustos que florecen en la primavera austral. Septiembre 2022, Cerro Guido. Patagonia, Chile.<\/p>\n","protected":false},"excerpt":{"rendered":"<p>El felino m\u00e1s esquivo de Am\u00e9rica, el puma, cuya belleza de elegancia magn\u00e9tica tuve la fortuna de fotografiar bajo las luces m\u00e1gicas del hemisferio austral, en un trabajo con la Fundaci\u00f3n Cerro Guido Conservaci\u00f3n. Rodeado de la vegetaci\u00f3n propia de la estepa patag\u00f3nica y arbustos que florecen en la primavera austral. Septiembre 2022, Cerro Guido. [&hellip;]<\/p>\n","protected":false},"featured_media":21961,"template":"","meta":{"_acf_changed":false,"_et_pb_use_builder":"","_et_pb_old_content":"","_et_gb_content_width":""},"product_brand":[],"product_cat":[195,198],"product_tag":[],"class_list":{"0":"post-22595","1":"product","2":"type-product","3":"status-publish","4":"has-post-thumbnail","6":"product_cat-art-es","7":"product_cat-fine-art","9":"first","10":"instock","11":"shipping-taxable","12":"purchasable","13":"product-type-variable"},"acf":[],"_links":{"self":[{"href":"https:\/\/www.marinacano.com\/es\/wp-json\/wp\/v2\/product\/22595","targetHints":{"allow":["GET"]}}],"collection":[{"href":"https:\/\/www.marinacano.com\/es\/wp-json\/wp\/v2\/product"}],"about":[{"href":"https:\/\/www.marinacano.com\/es\/wp-json\/wp\/v2\/types\/product"}],"wp:featuredmedia":[{"embeddable":true,"href":"https:\/\/www.marinacano.com\/es\/wp-json\/wp\/v2\/media\/21961"}],"wp:attachment":[{"href":"https:\/\/www.marinacano.com\/es\/wp-json\/wp\/v2\/media?parent=22595"}],"wp:term":[{"taxonomy":"product_brand","embeddable":true,"href":"https:\/\/www.marinacano.com\/es\/wp-json\/wp\/v2\/product_brand?post=22595"},{"taxonomy":"product_cat","embeddable":true,"href":"https:\/\/www.marinacano.com\/es\/wp-json\/wp\/v2\/product_cat?post=22595"},{"taxonomy":"product_tag","embeddable":true,"href":"https:\/\/www.marinacano.com\/es\/wp-json\/wp\/v2\/product_tag?post=22595"}],"curies":[{"name":"wp","href":"https:\/\/api.w.org\/{rel}","templated":true}]}}