{"id":13770,"date":"2019-11-08T12:01:40","date_gmt":"2019-11-08T11:01:40","guid":{"rendered":"https:\/\/www.marinacano.com\/?post_type=product&#038;p=13770"},"modified":"2023-03-02T21:52:17","modified_gmt":"2023-03-02T20:52:17","slug":"kenia-masai-mara","status":"publish","type":"product","link":"https:\/\/www.marinacano.com\/es\/art-print\/kenia-masai-mara\/","title":{"rendered":"Inolvidable KENIA: MAASAI MARA del 20 al 29 de junio 2023"},"content":{"rendered":"<h4>Fecha: del 20 al 29 de junio 2023<\/h4>\n<p>Safari de 10 d\u00edas en Maasai Mara, Kenia.<\/p>\n<hr \/>\n<p><strong>Incluye:<\/strong><\/p>\n<ul>\n<li>Vuelos en avioneta Nairobi-Masai Mara-Nairobi<\/li>\n<li><span class=\"tlid-translation translation\" lang=\"es\"><span title=\"\">Transporte en todoterreno 4&#215;4 adaptado para fotograf\u00eda<\/span><\/span><\/li>\n<li>Grupo muy peque\u00f1o: ense\u00f1anza personalizada<\/li>\n<li><span class=\"tlid-translation translation\" lang=\"es\"><span title=\"\">Conductor profesional de safari<\/span><\/span><\/li>\n<li>Permiso off road (conducci\u00f3n fuera de pistas)<\/li>\n<li><span class=\"tlid-translation translation\" lang=\"es\"><span title=\"\">Todos los traslados entre aeropuerto y hoteles<\/span><\/span><\/li>\n<li><span class=\"tlid-translation translation\" lang=\"es\"><span title=\"\">Safaris ilimitados en Masai Mara<\/span><\/span><\/li>\n<li><span class=\"tlid-translation translation\" lang=\"es\"><span title=\"\">Todas las tarifas de entrada al parque<\/span><\/span><\/li>\n<li><span class=\"tlid-translation translation\" lang=\"es\"><span class=\"\" title=\"\">Alojamiento de lujo en habitaci\u00f3n individual<\/span><\/span><\/li>\n<li><span class=\"tlid-translation translation\" lang=\"es\"><span title=\"\">Cena en Nairobi\u00a0<\/span><\/span><\/li>\n<li><span class=\"tlid-translation translation\" lang=\"es\"><span class=\"\" title=\"\">Evacuaci\u00f3n m\u00e9dica de AMREF<\/span><\/span><\/li>\n<li>Ense\u00f1anza fotogr\u00e1fica<\/li>\n<\/ul>\n<p><strong>No est\u00e1 inclu\u00eddo:<\/strong><\/p>\n<ul>\n<li>Vuelos internacionales<\/li>\n<li>Seguro m\u00e9dico personal<\/li>\n<li>Gastos personales en los alojamientos<\/li>\n<li>Visita cultural opcional a los Maasai: 30usd por persona<\/li>\n<li>Propinas<\/li>\n<\/ul>\n<a href='https:\/\/www.marinacano.com\/wp-content\/uploads\/2019\/11\/ESContrato_safari_MCano23.pdf' class='small-button smallsilver' target=\"_blank\">LEER CONTRATO Y CONDICIONES<\/a>\n","protected":false},"excerpt":{"rendered":"<p><strong>Si pagas a trav\u00e9s de Paypal, al precio se le a\u00f1adir\u00e1 el 4%\u00a0<\/strong><\/p>\n<p><strong>Por favor, antes de hacer el pago contacta con Marina Cano: info@marinacano.com<\/strong><\/p>\n<hr \/>\n","protected":false},"featured_media":20467,"template":"","meta":{"_acf_changed":false,"_et_pb_use_builder":"","_et_pb_old_content":"","_et_gb_content_width":""},"product_brand":[],"product_cat":[70],"product_tag":[163,143,144],"class_list":{"0":"post-13770","1":"product","2":"type-product","3":"status-publish","4":"has-post-thumbnail","6":"product_cat-safaris-por-africa","7":"product_tag-fotografia","8":"product_tag-kenia","9":"product_tag-safari","11":"first","12":"instock","13":"shipping-taxable","14":"purchasable","15":"product-type-simple"},"acf":[],"_links":{"self":[{"href":"https:\/\/www.marinacano.com\/es\/wp-json\/wp\/v2\/product\/13770","targetHints":{"allow":["GET"]}}],"collection":[{"href":"https:\/\/www.marinacano.com\/es\/wp-json\/wp\/v2\/product"}],"about":[{"href":"https:\/\/www.marinacano.com\/es\/wp-json\/wp\/v2\/types\/product"}],"wp:featuredmedia":[{"embeddable":true,"href":"https:\/\/www.marinacano.com\/es\/wp-json\/wp\/v2\/media\/20467"}],"wp:attachment":[{"href":"https:\/\/www.marinacano.com\/es\/wp-json\/wp\/v2\/media?parent=13770"}],"wp:term":[{"taxonomy":"product_brand","embeddable":true,"href":"https:\/\/www.marinacano.com\/es\/wp-json\/wp\/v2\/product_brand?post=13770"},{"taxonomy":"product_cat","embeddable":true,"href":"https:\/\/www.marinacano.com\/es\/wp-json\/wp\/v2\/product_cat?post=13770"},{"taxonomy":"product_tag","embeddable":true,"href":"https:\/\/www.marinacano.com\/es\/wp-json\/wp\/v2\/product_tag?post=13770"}],"curies":[{"name":"wp","href":"https:\/\/api.w.org\/{rel}","templated":true}]}}