{"id":22520,"date":"2023-11-04T09:10:37","date_gmt":"2023-11-04T07:10:37","guid":{"rendered":"https:\/\/www.marinacano.com\/?page_id=22520"},"modified":"2023-12-21T16:27:58","modified_gmt":"2023-12-21T15:27:58","slug":"marina-cano","status":"publish","type":"page","link":"https:\/\/www.marinacano.com\/es\/marina-cano\/","title":{"rendered":"Marina Cano"},"content":{"rendered":"<p>[et_pb_section fb_built=\u00bb1&#8243; custom_padding_last_edited=\u00bbon|desktop\u00bb admin_label=\u00bbBlog Posts + Sidebar\u00bb _builder_version=\u00bb4.16&#8243; _module_preset=\u00bbdefault\u00bb background_color=\u00bb#ffffff\u00bb custom_padding_tablet=\u00bb50px|0|50px|0&#8243; custom_padding_phone=\u00bb\u00bb collapsed=\u00bboff\u00bb global_colors_info=\u00bb{}\u00bb][et_pb_row column_structure=\u00bb1_5,3_5,1_5&#8243; _builder_version=\u00bb4.16&#8243; _module_preset=\u00bbdefault\u00bb background_size=\u00bbinitial\u00bb background_position=\u00bbtop_left\u00bb background_repeat=\u00bbrepeat\u00bb global_colors_info=\u00bb{}\u00bb][et_pb_column type=\u00bb1_5&#8243; _builder_version=\u00bb4.16&#8243; _module_preset=\u00bbdefault\u00bb custom_padding=\u00bb|||\u00bb global_colors_info=\u00bb{}\u00bb custom_padding__hover=\u00bb|||\u00bb][\/et_pb_column][et_pb_column type=\u00bb3_5&#8243; _builder_version=\u00bb4.16&#8243; _module_preset=\u00bbdefault\u00bb custom_padding=\u00bb|||\u00bb global_colors_info=\u00bb{}\u00bb custom_padding__hover=\u00bb|||\u00bb][et_pb_post_title _builder_version=\u00bb4.22.2&#8243; _module_preset=\u00bba3d9596d-0c75-41c9-bb22-224adda5ff90&#8243; title_font_size_tablet=\u00bb34px\u00bb global_colors_info=\u00bb{}\u00bb][\/et_pb_post_title][et_pb_text admin_label=\u00bbBio\u00bb _builder_version=\u00bb4.23&#8243; _module_preset=\u00bb436d34b6-fdb3-437d-a3c6-45f98724a1db\u00bb global_colors_info=\u00bb{}\u00bb]Marina Cano, fot\u00f3grafa espa\u00f1ola, nacida en Cantabria, cuenta con m\u00e1s de 25 a\u00f1os de experiencia fotogr\u00e1fica y prestigio internacional, de los cuales 20 han estado dedicados a la fotograf\u00eda de naturaleza, donde ha conseguido un extraordinario reconocimiento en este campo.<\/p>\n<p>Marina es licenciada en m\u00fasica y ha sido nombrada en 2023 Doctora Honoris Causa por su trabajo fotogr\u00e1fico en conservaci\u00f3n.<\/p>\n<p>En su trayectoria profesional cabe destacar la publicaci\u00f3n de cuatro libros: Cab\u00e1rceno, Drama &amp; Intimidad (ambos agotados), Inspiraci\u00f3n + Naturaleza, el libro electr\u00f3nico Babies of the Wild y su libro m\u00e1s reciente Alma Salvaje. Ha sido portada de National Geographic en Estados Unidos y Espa\u00f1a. Premiada en dos ocasiones en el reconocido concurso de la BBC Wildlife Photographer of the Year. Es embajadora para Europa de Canon, Embajadora Global de Skylum, y embajadora de arte de la firma americana Banana Republic. Ha colaborado tambi\u00e9n con Cottor Carrier y Western Digital.<\/p>\n<p>Su estilo \u00fanico junto a un sensible e intimista acercamiento a la fauna hacen que su trabajo sea admirado por casi 1 mill\u00f3n de seguidores en redes sociales<\/p>\n<p>Es miembro de jurados en concursos nacionales e internacionales, organiza safaris en \u00c1frica, imparte workshops por todo el mundo, donde destacan sus cursos de fotograf\u00eda de fauna en su tierra natal, Cantabria.<\/p>\n<p>Sus exposiciones y seminarios se han desarrollado en lugares como Corea del Sur, Cuba, M\u00e9xico, Israel, Espa\u00f1a, Estados Unidos, Rep\u00fablica Checa, Francia, Sud\u00e1frica, Noruega, Finlandia, Portugal, Islandia, Inglaterra, Argentina, Colombia y Chile.<\/p>\n<p>Enamorada del continente africano y comprometida con su conservaci\u00f3n, colabora con fundaciones como Vital Impacts, DSWT, Prints for Wildlife, ForRangers, WWF, Remembering Wildlife, Saving the Survivors, que protegen y preservan especies amenazadas.[\/et_pb_text][et_pb_image src=\u00bbhttps:\/\/www.marinacano.com\/wp-content\/uploads\/2023\/12\/DSC5796a3.jpg\u00bb title_text=\u00bbMARINA CANO\u00bb show_in_lightbox=\u00bbon\u00bb align_tablet=\u00bbcenter\u00bb align_phone=\u00bb\u00bb align_last_edited=\u00bbon|desktop\u00bb _builder_version=\u00bb4.23.2&#8243; _module_preset=\u00bbdefault\u00bb animation_style=\u00bbfade\u00bb hover_enabled=\u00bb0&#8243; z_index_tablet=\u00bb500&#8243; box_shadow_horizontal_tablet=\u00bb0px\u00bb box_shadow_vertical_tablet=\u00bb0px\u00bb box_shadow_blur_tablet=\u00bb40px\u00bb box_shadow_spread_tablet=\u00bb0px\u00bb global_colors_info=\u00bb{}\u00bb sticky_enabled=\u00bb0&#8243;]<br \/>\n[\/et_pb_image][\/et_pb_column][et_pb_column type=\u00bb1_5&#8243; _builder_version=\u00bb4.16&#8243; _module_preset=\u00bbdefault\u00bb custom_padding=\u00bb|||\u00bb global_colors_info=\u00bb{}\u00bb custom_padding__hover=\u00bb|||\u00bb][\/et_pb_column][\/et_pb_row][et_pb_row column_structure=\u00bb1_5,3_5,1_5&#8243; _builder_version=\u00bb4.21.0&#8243; _module_preset=\u00bbdefault\u00bb custom_padding=\u00bb100px||100px||true|\u00bb global_colors_info=\u00bb{}\u00bb][et_pb_column type=\u00bb1_5&#8243; _builder_version=\u00bb4.21.0&#8243; _module_preset=\u00bbdefault\u00bb global_colors_info=\u00bb{}\u00bb][\/et_pb_column][et_pb_column type=\u00bb3_5&#8243; _builder_version=\u00bb4.21.0&#8243; _module_preset=\u00bbdefault\u00bb global_colors_info=\u00bb{}\u00bb][et_pb_text admin_label=\u00bbArtist Statement\u00bb _builder_version=\u00bb4.22.2&#8243; _module_preset=\u00bb436d34b6-fdb3-437d-a3c6-45f98724a1db\u00bb use_border_color=\u00bboff\u00bb saved_tabs=\u00bball\u00bb global_colors_info=\u00bb{}\u00bb]<\/p>\n<h2>Artist Statement<\/h2>\n<p>[\/et_pb_text][et_pb_text _builder_version=\u00bb4.23&#8243; _module_preset=\u00bb436d34b6-fdb3-437d-a3c6-45f98724a1db\u00bb z_index_tablet=\u00bb500&#8243; text_text_shadow_horizontal_length_tablet=\u00bb0px\u00bb text_text_shadow_vertical_length_tablet=\u00bb0px\u00bb text_text_shadow_blur_strength_tablet=\u00bb1px\u00bb link_text_shadow_horizontal_length_tablet=\u00bb0px\u00bb link_text_shadow_vertical_length_tablet=\u00bb0px\u00bb link_text_shadow_blur_strength_tablet=\u00bb1px\u00bb ul_text_shadow_horizontal_length_tablet=\u00bb0px\u00bb ul_text_shadow_vertical_length_tablet=\u00bb0px\u00bb ul_text_shadow_blur_strength_tablet=\u00bb1px\u00bb ol_text_shadow_horizontal_length_tablet=\u00bb0px\u00bb ol_text_shadow_vertical_length_tablet=\u00bb0px\u00bb ol_text_shadow_blur_strength_tablet=\u00bb1px\u00bb quote_text_shadow_horizontal_length_tablet=\u00bb0px\u00bb quote_text_shadow_vertical_length_tablet=\u00bb0px\u00bb quote_text_shadow_blur_strength_tablet=\u00bb1px\u00bb header_text_shadow_horizontal_length_tablet=\u00bb0px\u00bb header_text_shadow_vertical_length_tablet=\u00bb0px\u00bb header_text_shadow_blur_strength_tablet=\u00bb1px\u00bb header_2_text_shadow_horizontal_length_tablet=\u00bb0px\u00bb header_2_text_shadow_vertical_length_tablet=\u00bb0px\u00bb header_2_text_shadow_blur_strength_tablet=\u00bb1px\u00bb header_3_text_shadow_horizontal_length_tablet=\u00bb0px\u00bb header_3_text_shadow_vertical_length_tablet=\u00bb0px\u00bb header_3_text_shadow_blur_strength_tablet=\u00bb1px\u00bb header_4_text_shadow_horizontal_length_tablet=\u00bb0px\u00bb header_4_text_shadow_vertical_length_tablet=\u00bb0px\u00bb header_4_text_shadow_blur_strength_tablet=\u00bb1px\u00bb header_5_text_shadow_horizontal_length_tablet=\u00bb0px\u00bb header_5_text_shadow_vertical_length_tablet=\u00bb0px\u00bb header_5_text_shadow_blur_strength_tablet=\u00bb1px\u00bb header_6_text_shadow_horizontal_length_tablet=\u00bb0px\u00bb header_6_text_shadow_vertical_length_tablet=\u00bb0px\u00bb header_6_text_shadow_blur_strength_tablet=\u00bb1px\u00bb box_shadow_horizontal_tablet=\u00bb0px\u00bb box_shadow_vertical_tablet=\u00bb0px\u00bb box_shadow_blur_tablet=\u00bb40px\u00bb box_shadow_spread_tablet=\u00bb0px\u00bb global_colors_info=\u00bb{}\u00bb]<\/p>\n<p>La fotograf\u00eda juega un papel crucial en los esfuerzos de conservaci\u00f3n al capturar la belleza del mundo natural y las amenazas que enfrenta.<\/p>\n<p>A trav\u00e9s de una irresistible atracci\u00f3n por la est\u00e9tica y de un cautivador encuentro con la emoci\u00f3n, me aprovecho de ambas para crear conocimiento sobre conservaci\u00f3n de la naturaleza.<\/p>\n<p>Trabajando desde \u00e1reas salvajes remotas mis fotograf\u00edas recorren est\u00e9tica y emociones para despertar y alentar a un espectador afortunadamente cada vez m\u00e1s concienciado en conservar y proteger el fr\u00e1gil mundo que nos rodea. Si mis fotos son hermosas es porque la naturaleza lo es.<\/p>\n<p>Emociones humanas y animales se agitan y diluyen, descubriendo una vulnerabilidad que no se mostraba en la fotograf\u00eda cl\u00e1sica de fauna documental.<\/p>\n<p>Animales impresionantes, pero sobre todo animales que impresionan, enternecen o que estremecen. Animales cuyo h\u00e1bitat se tambalea con nuestro estilo de vida, y que necesitan ser visibles para que actuemos y preservemos los ecosistemas del planeta que todos habitamos.<\/p>\n<p>Enamorada del continente africano y comprometida con su conservaci\u00f3n, colaboro con fundaciones como Vital Impacts, DSWT, Prints for Wildlife, ForRangers, Remebering Wildlife, WWF, Saving the Survivors, etc. que protegen y preservan especies amenazadas.<\/p>\n<p><em><strong>La Fotograf\u00eda nos conduce a amar y el Amor a la Conservaci\u00f3n.<\/strong><\/em><\/p>\n<p>[\/et_pb_text][\/et_pb_column][et_pb_column type=\u00bb1_5&#8243; _builder_version=\u00bb4.21.0&#8243; _module_preset=\u00bbdefault\u00bb global_colors_info=\u00bb{}\u00bb][\/et_pb_column][\/et_pb_row][et_pb_row column_structure=\u00bb1_5,3_5,1_5&#8243; _builder_version=\u00bb4.21.0&#8243; _module_preset=\u00bbdefault\u00bb custom_padding=\u00bb104px||104px||true|\u00bb global_colors_info=\u00bb{}\u00bb][et_pb_column type=\u00bb1_5&#8243; _builder_version=\u00bb4.21.0&#8243; _module_preset=\u00bbdefault\u00bb global_colors_info=\u00bb{}\u00bb][\/et_pb_column][et_pb_column type=\u00bb3_5&#8243; _builder_version=\u00bb4.21.0&#8243; _module_preset=\u00bbdefault\u00bb global_colors_info=\u00bb{}\u00bb][et_pb_text admin_label=\u00bbArtist Statement\u00bb _builder_version=\u00bb4.21.0&#8243; _module_preset=\u00bb436d34b6-fdb3-437d-a3c6-45f98724a1db\u00bb use_border_color=\u00bboff\u00bb saved_tabs=\u00bball\u00bb global_colors_info=\u00bb{}\u00bb]<\/p>\n<h2>Embajadora<\/h2>\n<p>[\/et_pb_text][et_pb_code _builder_version=\u00bb4.21.0&#8243; _module_preset=\u00bbdefault\u00bb custom_margin=\u00bb||102px|||\u00bb global_colors_info=\u00bb{}\u00bb]<div class=\"lshowcase-clear-both\">&nbsp;<\/div><div class=\"lshowcase-logos \"><div class='lshowcase-flex' ><div  data-entry-id='22571' class='lshowcase-thumb lshowcase-hover-grayscale lshowcase-box-4 ls-ambassador '><div style=\"padding:10%;\" class=\"lshowcase-wrap-responsive\"><div data-entry-id=\"22571\" class=\"lshowcase-boxInner\"><a href=\"https:\/\/www.canon.es\/pro\/ambassadors\/marina-cano\/\" target=\"_blank\" rel=\"noopener\"><img loading=\"lazy\" decoding=\"async\" data-no-lazy=\"1\" data-original-title=\"Canon\" data-entry-id=\"22571\" src=\"https:\/\/www.marinacano.com\/wp-content\/uploads\/2023\/11\/Canon_WEB_logo-200x67.jpg\" width=\"200\" height=\"67\" alt=\"Canon\" title=\"\" class=\"lshowcase-thumb\"><\/a><\/div><\/div><\/div><div  data-entry-id='22565' class='lshowcase-thumb lshowcase-hover-grayscale lshowcase-box-4 ls-ambassador '><div style=\"padding:10%;\" class=\"lshowcase-wrap-responsive\"><div data-entry-id=\"22565\" class=\"lshowcase-boxInner\"><a href=\"https:\/\/cottoncarrier.fr\/en\/blogs\/brand-ambassadors?page=3\" target=\"_blank\" rel=\"noopener\"><img loading=\"lazy\" decoding=\"async\" data-no-lazy=\"1\" data-original-title=\"Cotton carrier\" data-entry-id=\"22565\" src=\"https:\/\/www.marinacano.com\/wp-content\/uploads\/2023\/11\/cotton-carrier-200x69.png\" width=\"200\" height=\"69\" alt=\"Cotton carrier\" title=\"\" class=\"lshowcase-thumb\"><\/a><\/div><\/div><\/div><div  data-entry-id='22562' class='lshowcase-thumb lshowcase-hover-grayscale lshowcase-box-4 ls-ambassador '><div style=\"padding:10%;\" class=\"lshowcase-wrap-responsive\"><div data-entry-id=\"22562\" class=\"lshowcase-boxInner\"><a href=\"https:\/\/skylum.com\" target=\"_blank\" rel=\"noopener\"><img loading=\"lazy\" decoding=\"async\" data-no-lazy=\"1\" data-original-title=\"Skylum\" data-entry-id=\"22562\" src=\"https:\/\/www.marinacano.com\/wp-content\/uploads\/2023\/11\/800px-Skylum_logo-200x55.png\" width=\"200\" height=\"55\" alt=\"Skylum\" title=\"\" class=\"lshowcase-thumb\"><\/a><\/div><\/div><\/div><div  data-entry-id='22568' class='lshowcase-thumb lshowcase-hover-grayscale lshowcase-box-4 ls-ambassador '><div style=\"padding:10%;\" class=\"lshowcase-wrap-responsive\"><div data-entry-id=\"22568\" class=\"lshowcase-boxInner\"><a href=\"https:\/\/www.thinktankphoto.com\" target=\"_blank\" rel=\"noopener\"><img loading=\"lazy\" decoding=\"async\" data-no-lazy=\"1\" data-original-title=\"Think Tank Photo\" data-entry-id=\"22568\" src=\"https:\/\/www.marinacano.com\/wp-content\/uploads\/2023\/11\/thinktankphoto-200x83.png\" width=\"200\" height=\"83\" alt=\"Think Tank Photo\" title=\"\" class=\"lshowcase-thumb\"><\/a><\/div><\/div><\/div><\/div><\/div><div class=\"lshowcase-clear-both\">&nbsp;<\/div>[\/et_pb_code][\/et_pb_column][et_pb_column type=\u00bb1_5&#8243; _builder_version=\u00bb4.21.0&#8243; _module_preset=\u00bbdefault\u00bb global_colors_info=\u00bb{}\u00bb][\/et_pb_column][\/et_pb_row][\/et_pb_section][et_pb_section fb_built=\u00bb1&#8243; fullwidth=\u00bbon\u00bb _builder_version=\u00bb4.21.0&#8243; _module_preset=\u00bbdefault\u00bb global_colors_info=\u00bb{}\u00bb][et_pb_fullwidth_image src=\u00bbhttps:\/\/www.marinacano.com\/wp-content\/uploads\/2020\/01\/AU1I4446bn1-1.jpg\u00bb title_text=\u00bbAU1I4446bn1&#8243; _builder_version=\u00bb4.21.0&#8243; _module_preset=\u00bbdefault\u00bb global_colors_info=\u00bb{}\u00bb][\/et_pb_fullwidth_image][\/et_pb_section]<\/p>\n","protected":false},"excerpt":{"rendered":"<p>[et_pb_section fb_built=\u00bb1&#8243; custom_padding_last_edited=\u00bbon|desktop\u00bb admin_label=\u00bbBlog Posts + Sidebar\u00bb _builder_version=\u00bb4.16&#8243; _module_preset=\u00bbdefault\u00bb background_color=\u00bb#ffffff\u00bb custom_padding_tablet=\u00bb50px|0|50px|0&#8243; custom_padding_phone=\u00bb\u00bb collapsed=\u00bboff\u00bb global_colors_info=\u00bb{}\u00bb][et_pb_row column_structure=\u00bb1_5,3_5,1_5&#8243; _builder_version=\u00bb4.16&#8243; _module_preset=\u00bbdefault\u00bb background_size=\u00bbinitial\u00bb background_position=\u00bbtop_left\u00bb background_repeat=\u00bbrepeat\u00bb global_colors_info=\u00bb{}\u00bb][et_pb_column type=\u00bb1_5&#8243; _builder_version=\u00bb4.16&#8243; _module_preset=\u00bbdefault\u00bb custom_padding=\u00bb|||\u00bb global_colors_info=\u00bb{}\u00bb custom_padding__hover=\u00bb|||\u00bb][\/et_pb_column][et_pb_column type=\u00bb3_5&#8243; _builder_version=\u00bb4.16&#8243; _module_preset=\u00bbdefault\u00bb custom_padding=\u00bb|||\u00bb global_colors_info=\u00bb{}\u00bb custom_padding__hover=\u00bb|||\u00bb][et_pb_post_title _builder_version=\u00bb4.22.2&#8243; _module_preset=\u00bba3d9596d-0c75-41c9-bb22-224adda5ff90&#8243; title_font_size_tablet=\u00bb34px\u00bb global_colors_info=\u00bb{}\u00bb][\/et_pb_post_title][et_pb_text admin_label=\u00bbBio\u00bb _builder_version=\u00bb4.23&#8243; _module_preset=\u00bb436d34b6-fdb3-437d-a3c6-45f98724a1db\u00bb global_colors_info=\u00bb{}\u00bb]Marina Cano, fot\u00f3grafa espa\u00f1ola, nacida en Cantabria, cuenta con m\u00e1s de 25 a\u00f1os de experiencia [&hellip;]<\/p>\n","protected":false},"author":3049,"featured_media":22511,"parent":0,"menu_order":5,"comment_status":"closed","ping_status":"closed","template":"","meta":{"_acf_changed":false,"_et_pb_use_builder":"on","_et_pb_old_content":"","_et_gb_content_width":"","footnotes":""},"class_list":["post-22520","page","type-page","status-publish","has-post-thumbnail","hentry"],"acf":[],"_links":{"self":[{"href":"https:\/\/www.marinacano.com\/es\/wp-json\/wp\/v2\/pages\/22520","targetHints":{"allow":["GET"]}}],"collection":[{"href":"https:\/\/www.marinacano.com\/es\/wp-json\/wp\/v2\/pages"}],"about":[{"href":"https:\/\/www.marinacano.com\/es\/wp-json\/wp\/v2\/types\/page"}],"author":[{"embeddable":true,"href":"https:\/\/www.marinacano.com\/es\/wp-json\/wp\/v2\/users\/3049"}],"replies":[{"embeddable":true,"href":"https:\/\/www.marinacano.com\/es\/wp-json\/wp\/v2\/comments?post=22520"}],"version-history":[{"count":3,"href":"https:\/\/www.marinacano.com\/es\/wp-json\/wp\/v2\/pages\/22520\/revisions"}],"predecessor-version":[{"id":23722,"href":"https:\/\/www.marinacano.com\/es\/wp-json\/wp\/v2\/pages\/22520\/revisions\/23722"}],"wp:featuredmedia":[{"embeddable":true,"href":"https:\/\/www.marinacano.com\/es\/wp-json\/wp\/v2\/media\/22511"}],"wp:attachment":[{"href":"https:\/\/www.marinacano.com\/es\/wp-json\/wp\/v2\/media?parent=22520"}],"curies":[{"name":"wp","href":"https:\/\/api.w.org\/{rel}","templated":true}]}}